{"id":35,"date":"2023-06-23T14:11:21","date_gmt":"2023-06-23T12:11:21","guid":{"rendered":"http:\/\/localhost\/wordpress\/?page_id=35"},"modified":"2025-03-09T15:09:31","modified_gmt":"2025-03-09T13:09:31","slug":"kontakt","status":"publish","type":"page","link":"https:\/\/www.kristinvardi.eu\/index.php\/kontakt\/","title":{"rendered":"Kontakt"},"content":{"rendered":"\n<p>F\u00fcr Anfragen schreiben Sie mir gerne eine Mail \u00fcber das nachfolgende Formular. Ich freue mich \u00fcber Post von Ihnen und melde mich so bald als m\u00f6glich bei Ihnen zur\u00fcck.<\/p>\n\n\n\n<p><\/p>\n\n\n\n<p><\/p>\n\n\n<div class=\"everest-forms\"><div class=\"evf-container default\" id=\"evf-34\"><form id=\"evf-form-34\" class=\"everest-form\" data-formid=\"34\" data-ajax_submission=\"0\" data-keyboard_friendly_form=\"0\" data-form_state_type=\"\" method=\"post\" enctype=\"multipart\/form-data\" action=\"\/index.php\/wp-json\/wp\/v2\/pages\/35\"><div class=\"evf-field-container\"><input type=\"hidden\" id=\"_wpnonce34\" name=\"_wpnonce34\" value=\"98b83a7485\" \/><input type=\"hidden\" name=\"_wp_http_referer\" value=\"\/index.php\/wp-json\/wp\/v2\/pages\/35\" \/><div class=\"evf-frontend-row\" data-row=\"row_1\" conditional_rules=\"[]\"><div class=\"evf-frontend-grid evf-grid-1\" data-grid=\"grid_1\"><div id=\"evf-34-field_ys0GeZISRs-1-container\" class=\"evf-field evf-field-first-name form-row validate-required\" data-required-field-message=\"This field is required.\" data-field-id=\"ys0GeZISRs-1\"><label class=\"evf-field-label\" for=\"evf-34-field_ys0GeZISRs-1\"><span class=\"evf-label\">Name<\/span> <abbr class=\"required\" title=\"Required\">*<\/abbr><\/label><input type=\"text\" id=\"evf-34-field_ys0GeZISRs-1\" class=\"input-text\" name=\"everest_forms[form_fields][ys0GeZISRs-1]\" required><\/div><div id=\"evf-34-field_LbH5NxasXM-2-container\" class=\"evf-field evf-field-email form-row validate-required validate-email\" data-required-field-message=\"Please enter a valid email address.\" data-field-id=\"LbH5NxasXM-2\"><label class=\"evf-field-label\" for=\"evf-34-field_LbH5NxasXM-2\"><span class=\"evf-label\">Email<\/span> <abbr class=\"required\" title=\"Required\">*<\/abbr><\/label><input type=\"email\" id=\"evf-34-field_LbH5NxasXM-2\" class=\"input-text\" name=\"everest_forms[form_fields][LbH5NxasXM-2]\" required ><\/div><div id=\"evf-34-field_66FR384cge-3-container\" class=\"evf-field evf-field-text form-row\" data-field-id=\"66FR384cge-3\"><label class=\"evf-field-label\" for=\"evf-34-field_66FR384cge-3\"><span class=\"evf-label\">Betreff<\/span> <\/label><input type=\"text\" id=\"evf-34-field_66FR384cge-3\" class=\"input-text\" name=\"everest_forms[form_fields][66FR384cge-3]\" ><\/div><div id=\"evf-34-field_yhGx3FOwr2-4-container\" class=\"evf-field evf-field-textarea form-row\" data-field-id=\"yhGx3FOwr2-4\"><label class=\"evf-field-label\" for=\"evf-34-field_yhGx3FOwr2-4\"><span class=\"evf-label\">Nachricht<\/span> <\/label><textarea id=\"evf-34-field_yhGx3FOwr2-4\" class=\"input-text\" name=\"everest_forms[form_fields][yhGx3FOwr2-4]\"  ><\/textarea><\/div><\/div><\/div><\/div><div class=\"evf-honeypot-container evf-field-hp\"><label for=\"evf-34-field-hp\" class=\"evf-field-label\">Comment<\/label><input type=\"text\" name=\"everest_forms[hp]\" id=\"evf-34-field-hp\" class=\"input-text\"><\/div><div class=\"evf-submit-container \" ><input type=\"hidden\" name=\"everest_forms[id]\" value=\"34\"><input type=\"hidden\" name=\"everest_forms[author]\" value=\"1\"><button type='submit' name='everest_forms[submit]' class='everest-forms-submit-button button evf-submit ' id='evf-submit-34' value='evf-submit' data-process-text=\"In Bearbeitung...\" conditional_rules='&quot;&quot;' conditional_id='evf-submit-34'  id=\"evf-submit-34\" aria-live=\"assertive\">Senden<\/button><\/div><\/form><\/div><!-- .evf-container --><\/div>","protected":false},"excerpt":{"rendered":"<p>F\u00fcr Anfragen schreiben Sie mir gerne eine Mail \u00fcber das nachfolgende Formular. Ich freue mich \u00fcber Post von Ihnen und melde mich so bald als m\u00f6glich bei Ihnen zur\u00fcck.<\/p>\n","protected":false},"author":1,"featured_media":0,"parent":0,"menu_order":0,"comment_status":"closed","ping_status":"closed","template":"","meta":{"footnotes":""},"class_list":["post-35","page","type-page","status-publish","hentry"],"yoast_head":"<!-- This site is optimized with the Yoast SEO plugin v27.3 - https:\/\/yoast.com\/product\/yoast-seo-wordpress\/ -->\n<title>Kontakt - Kristin Vardi<\/title>\n<meta name=\"robots\" content=\"index, follow, max-snippet:-1, max-image-preview:large, max-video-preview:-1\" \/>\n<link rel=\"canonical\" href=\"https:\/\/www.kristinvardi.eu\/index.php\/kontakt\/\" \/>\n<meta property=\"og:locale\" content=\"de_DE\" \/>\n<meta property=\"og:type\" content=\"article\" \/>\n<meta property=\"og:title\" content=\"Kontakt - Kristin Vardi\" \/>\n<meta property=\"og:description\" content=\"F\u00fcr Anfragen schreiben Sie mir gerne eine Mail \u00fcber das nachfolgende Formular. Ich freue mich \u00fcber Post von Ihnen und melde mich so bald als m\u00f6glich bei Ihnen zur\u00fcck.\" \/>\n<meta property=\"og:url\" content=\"https:\/\/www.kristinvardi.eu\/index.php\/kontakt\/\" \/>\n<meta property=\"og:site_name\" content=\"Kristin Vardi\" \/>\n<meta property=\"article:modified_time\" content=\"2025-03-09T13:09:31+00:00\" \/>\n<meta name=\"twitter:card\" content=\"summary_large_image\" \/>\n<meta name=\"twitter:label1\" content=\"Gesch\u00e4tzte Lesezeit\" \/>\n\t<meta name=\"twitter:data1\" content=\"1\u00a0Minute\" \/>\n<script type=\"application\/ld+json\" class=\"yoast-schema-graph\">{\"@context\":\"https:\\\/\\\/schema.org\",\"@graph\":[{\"@type\":\"WebPage\",\"@id\":\"https:\\\/\\\/www.kristinvardi.eu\\\/index.php\\\/kontakt\\\/\",\"url\":\"https:\\\/\\\/www.kristinvardi.eu\\\/index.php\\\/kontakt\\\/\",\"name\":\"Kontakt - Kristin Vardi\",\"isPartOf\":{\"@id\":\"https:\\\/\\\/www.kristinvardi.eu\\\/#website\"},\"datePublished\":\"2023-06-23T12:11:21+00:00\",\"dateModified\":\"2025-03-09T13:09:31+00:00\",\"breadcrumb\":{\"@id\":\"https:\\\/\\\/www.kristinvardi.eu\\\/index.php\\\/kontakt\\\/#breadcrumb\"},\"inLanguage\":\"de\",\"potentialAction\":[{\"@type\":\"ReadAction\",\"target\":[\"https:\\\/\\\/www.kristinvardi.eu\\\/index.php\\\/kontakt\\\/\"]}]},{\"@type\":\"BreadcrumbList\",\"@id\":\"https:\\\/\\\/www.kristinvardi.eu\\\/index.php\\\/kontakt\\\/#breadcrumb\",\"itemListElement\":[{\"@type\":\"ListItem\",\"position\":1,\"name\":\"Home\",\"item\":\"https:\\\/\\\/www.kristinvardi.eu\\\/\"},{\"@type\":\"ListItem\",\"position\":2,\"name\":\"Kontakt\"}]},{\"@type\":\"WebSite\",\"@id\":\"https:\\\/\\\/www.kristinvardi.eu\\\/#website\",\"url\":\"https:\\\/\\\/www.kristinvardi.eu\\\/\",\"name\":\"Kristin Vardi\",\"description\":\"\",\"potentialAction\":[{\"@type\":\"SearchAction\",\"target\":{\"@type\":\"EntryPoint\",\"urlTemplate\":\"https:\\\/\\\/www.kristinvardi.eu\\\/?s={search_term_string}\"},\"query-input\":{\"@type\":\"PropertyValueSpecification\",\"valueRequired\":true,\"valueName\":\"search_term_string\"}}],\"inLanguage\":\"de\"}]}<\/script>\n<!-- \/ Yoast SEO plugin. -->","yoast_head_json":{"title":"Kontakt - Kristin Vardi","robots":{"index":"index","follow":"follow","max-snippet":"max-snippet:-1","max-image-preview":"max-image-preview:large","max-video-preview":"max-video-preview:-1"},"canonical":"https:\/\/www.kristinvardi.eu\/index.php\/kontakt\/","og_locale":"de_DE","og_type":"article","og_title":"Kontakt - Kristin Vardi","og_description":"F\u00fcr Anfragen schreiben Sie mir gerne eine Mail \u00fcber das nachfolgende Formular. Ich freue mich \u00fcber Post von Ihnen und melde mich so bald als m\u00f6glich bei Ihnen zur\u00fcck.","og_url":"https:\/\/www.kristinvardi.eu\/index.php\/kontakt\/","og_site_name":"Kristin Vardi","article_modified_time":"2025-03-09T13:09:31+00:00","twitter_card":"summary_large_image","twitter_misc":{"Gesch\u00e4tzte Lesezeit":"1\u00a0Minute"},"schema":{"@context":"https:\/\/schema.org","@graph":[{"@type":"WebPage","@id":"https:\/\/www.kristinvardi.eu\/index.php\/kontakt\/","url":"https:\/\/www.kristinvardi.eu\/index.php\/kontakt\/","name":"Kontakt - Kristin Vardi","isPartOf":{"@id":"https:\/\/www.kristinvardi.eu\/#website"},"datePublished":"2023-06-23T12:11:21+00:00","dateModified":"2025-03-09T13:09:31+00:00","breadcrumb":{"@id":"https:\/\/www.kristinvardi.eu\/index.php\/kontakt\/#breadcrumb"},"inLanguage":"de","potentialAction":[{"@type":"ReadAction","target":["https:\/\/www.kristinvardi.eu\/index.php\/kontakt\/"]}]},{"@type":"BreadcrumbList","@id":"https:\/\/www.kristinvardi.eu\/index.php\/kontakt\/#breadcrumb","itemListElement":[{"@type":"ListItem","position":1,"name":"Home","item":"https:\/\/www.kristinvardi.eu\/"},{"@type":"ListItem","position":2,"name":"Kontakt"}]},{"@type":"WebSite","@id":"https:\/\/www.kristinvardi.eu\/#website","url":"https:\/\/www.kristinvardi.eu\/","name":"Kristin Vardi","description":"","potentialAction":[{"@type":"SearchAction","target":{"@type":"EntryPoint","urlTemplate":"https:\/\/www.kristinvardi.eu\/?s={search_term_string}"},"query-input":{"@type":"PropertyValueSpecification","valueRequired":true,"valueName":"search_term_string"}}],"inLanguage":"de"}]}},"_links":{"self":[{"href":"https:\/\/www.kristinvardi.eu\/index.php\/wp-json\/wp\/v2\/pages\/35","targetHints":{"allow":["GET"]}}],"collection":[{"href":"https:\/\/www.kristinvardi.eu\/index.php\/wp-json\/wp\/v2\/pages"}],"about":[{"href":"https:\/\/www.kristinvardi.eu\/index.php\/wp-json\/wp\/v2\/types\/page"}],"author":[{"embeddable":true,"href":"https:\/\/www.kristinvardi.eu\/index.php\/wp-json\/wp\/v2\/users\/1"}],"replies":[{"embeddable":true,"href":"https:\/\/www.kristinvardi.eu\/index.php\/wp-json\/wp\/v2\/comments?post=35"}],"version-history":[{"count":2,"href":"https:\/\/www.kristinvardi.eu\/index.php\/wp-json\/wp\/v2\/pages\/35\/revisions"}],"predecessor-version":[{"id":111,"href":"https:\/\/www.kristinvardi.eu\/index.php\/wp-json\/wp\/v2\/pages\/35\/revisions\/111"}],"wp:attachment":[{"href":"https:\/\/www.kristinvardi.eu\/index.php\/wp-json\/wp\/v2\/media?parent=35"}],"curies":[{"name":"wp","href":"https:\/\/api.w.org\/{rel}","templated":true}]}}