{"id":8,"date":"2023-06-19T21:30:33","date_gmt":"2023-06-19T19:30:33","guid":{"rendered":"http:\/\/localhost\/wordpress\/?page_id=2"},"modified":"2025-10-01T21:21:10","modified_gmt":"2025-10-01T19:21:10","slug":"biografie","status":"publish","type":"page","link":"https:\/\/www.kristinvardi.eu\/","title":{"rendered":"Zur Person"},"content":{"rendered":"\n<p>Kristin Vardi studierte Geschichtswissenschaften mit dem Schwerpunkt auf Architektur als politische Vision. Nach dem Abschluss ihres Studiums und einer Ausbildung zur Redakteurin arbeitete sie im Ausw\u00e4rtigen Amt in Berlin, bevor es sie nach Wien zog &#8211; wo sie heute lebt. Kristin Vardi ist Mitglied der Autorenvereinigung Podium \u00d6sterreich und der GAV, der Grazer Autorenversammlung. Sie ist Preistr\u00e4gerin des Badner Literaturwettbewerbes <em>Zeilenlauf<\/em> 2023 und Gewinnerin des Jurypreises des Hildesheimer Literaturwettbewerbes 2024. 2023 erhielt sie ein Arbeitsstipendium vom \u00f6sterreichischen Bundesministerium f\u00fcr Kultur f\u00fcr ihren Deb\u00fctroman.<\/p>\n\n\n\n<blockquote class=\"wp-block-quote is-layout-flow wp-block-quote-is-layout-flow\">\n<p><strong>Der alte Mann und das Meer<\/strong><\/p>\n\n\n\n<pre class=\"wp-block-preformatted\">Der alte Mann und das Meer <br>machen sich ihre Gedanken<br>so an den Tagen <br>die fliehen <br>\u00fcber das Gl\u00fcck<br>Fern ist es nicht, sagt das Meer, <br>vergessen ist es auch nicht, sagt der Mann<br>Das Gl\u00fcck ist im Himmel, <br>und auch in der Erde,<br>im morgen <br>und im gestern, <br>im Wort <br>und im Schweigen,<br>im Gro\u00dfen <br>und im Kleinen, <br>und es ist frei <br>und darum immer da,<br>man braucht nur schauen, sagt das Meer,<br>und es pfl\u00fccken, sagt der Mann.<\/pre>\n<cite>Kristin Vardi<\/cite><\/blockquote>\n","protected":false},"excerpt":{"rendered":"<p>Kristin Vardi studierte Geschichtswissenschaften mit dem Schwerpunkt auf Architektur als politische Vision. Nach dem Abschluss ihres Studiums und einer Ausbildung zur Redakteurin arbeitete sie im Ausw\u00e4rtigen Amt in Berlin, bevor es sie nach Wien zog &#8211; wo sie heute lebt. Kristin Vardi ist Mitglied der Autorenvereinigung Podium \u00d6sterreich und der GAV, der Grazer Autorenversammlung. Sie&hellip; <a class=\"more-link\" href=\"https:\/\/www.kristinvardi.eu\/\">Weiterlesen <span class=\"screen-reader-text\">Zur Person<\/span> <span class=\"meta-nav\" aria-hidden=\"true\">&rarr;<\/span><\/a><\/p>\n","protected":false},"author":1,"featured_media":0,"parent":0,"menu_order":0,"comment_status":"closed","ping_status":"open","template":"","meta":{"footnotes":""},"class_list":["post-8","page","type-page","status-publish","hentry"],"yoast_head":"<!-- This site is optimized with the Yoast SEO plugin v27.3 - https:\/\/yoast.com\/product\/yoast-seo-wordpress\/ -->\n<title>Zur Person - Kristin Vardi<\/title>\n<meta name=\"description\" content=\"Kristin Vardi wurde in Riesa\/Sachsen geboren und studierte in Leipzig, Berlin und Tel Aviv. Nach dem Abschluss des Studiums (MA) der Geschichtswissenschaft und einem Volontariat bei der Freien Presse in Chemnitz lebt und arbeitet sie heute in Wien. Sie ist Gewinnerin \u201eBester Stil und Beste Prosa\u201c f\u00fcr ihre Kurzgeschichte Rock Button Motel im Deutschen Schriftstellerforum (DSFO). Ver\u00f6ffentlichungen von ihr liegen unter anderem in der Literaturzeitschrift Edit vor (Null Zeichen \u2013 Ein ungef\u00e4hrer Wert). 2023 erh\u00e4lt sie ein Arbeitsstipendium vom \u00d6sterreichischen Bundesministerium f\u00fcr Kultur f\u00fcr ihren Roman Bestseller.\" \/>\n<meta name=\"robots\" content=\"index, follow, max-snippet:-1, max-image-preview:large, max-video-preview:-1\" \/>\n<link rel=\"canonical\" href=\"https:\/\/www.kristinvardi.eu\/\" \/>\n<meta property=\"og:locale\" content=\"de_DE\" \/>\n<meta property=\"og:type\" content=\"article\" \/>\n<meta property=\"og:title\" content=\"Zur Person - Kristin Vardi\" \/>\n<meta property=\"og:description\" content=\"Kristin Vardi wurde in Riesa\/Sachsen geboren und studierte in Leipzig, Berlin und Tel Aviv. Nach dem Abschluss des Studiums (MA) der Geschichtswissenschaft und einem Volontariat bei der Freien Presse in Chemnitz lebt und arbeitet sie heute in Wien. Sie ist Gewinnerin \u201eBester Stil und Beste Prosa\u201c f\u00fcr ihre Kurzgeschichte Rock Button Motel im Deutschen Schriftstellerforum (DSFO). Ver\u00f6ffentlichungen von ihr liegen unter anderem in der Literaturzeitschrift Edit vor (Null Zeichen \u2013 Ein ungef\u00e4hrer Wert). 2023 erh\u00e4lt sie ein Arbeitsstipendium vom \u00d6sterreichischen Bundesministerium f\u00fcr Kultur f\u00fcr ihren Roman Bestseller.\" \/>\n<meta property=\"og:url\" content=\"https:\/\/www.kristinvardi.eu\/\" \/>\n<meta property=\"og:site_name\" content=\"Kristin Vardi\" \/>\n<meta property=\"article:modified_time\" content=\"2025-10-01T19:21:10+00:00\" \/>\n<meta name=\"twitter:card\" content=\"summary_large_image\" \/>\n<meta name=\"twitter:label1\" content=\"Gesch\u00e4tzte Lesezeit\" \/>\n\t<meta name=\"twitter:data1\" content=\"1\u00a0Minute\" \/>\n<script type=\"application\/ld+json\" class=\"yoast-schema-graph\">{\"@context\":\"https:\\\/\\\/schema.org\",\"@graph\":[{\"@type\":\"WebPage\",\"@id\":\"https:\\\/\\\/www.kristinvardi.eu\\\/\",\"url\":\"https:\\\/\\\/www.kristinvardi.eu\\\/\",\"name\":\"Zur Person - Kristin Vardi\",\"isPartOf\":{\"@id\":\"https:\\\/\\\/www.kristinvardi.eu\\\/#website\"},\"datePublished\":\"2023-06-19T19:30:33+00:00\",\"dateModified\":\"2025-10-01T19:21:10+00:00\",\"description\":\"Kristin Vardi wurde in Riesa\\\/Sachsen geboren und studierte in Leipzig, Berlin und Tel Aviv. Nach dem Abschluss des Studiums (MA) der Geschichtswissenschaft und einem Volontariat bei der Freien Presse in Chemnitz lebt und arbeitet sie heute in Wien. Sie ist Gewinnerin \u201eBester Stil und Beste Prosa\u201c f\u00fcr ihre Kurzgeschichte Rock Button Motel im Deutschen Schriftstellerforum (DSFO). Ver\u00f6ffentlichungen von ihr liegen unter anderem in der Literaturzeitschrift Edit vor (Null Zeichen \u2013 Ein ungef\u00e4hrer Wert). 2023 erh\u00e4lt sie ein Arbeitsstipendium vom \u00d6sterreichischen Bundesministerium f\u00fcr Kultur f\u00fcr ihren Roman Bestseller.\",\"breadcrumb\":{\"@id\":\"https:\\\/\\\/www.kristinvardi.eu\\\/#breadcrumb\"},\"inLanguage\":\"de\",\"potentialAction\":[{\"@type\":\"ReadAction\",\"target\":[\"https:\\\/\\\/www.kristinvardi.eu\\\/\"]}]},{\"@type\":\"BreadcrumbList\",\"@id\":\"https:\\\/\\\/www.kristinvardi.eu\\\/#breadcrumb\",\"itemListElement\":[{\"@type\":\"ListItem\",\"position\":1,\"name\":\"Home\",\"item\":\"https:\\\/\\\/www.kristinvardi.eu\\\/\"},{\"@type\":\"ListItem\",\"position\":2,\"name\":\"Zur Person\"}]},{\"@type\":\"WebSite\",\"@id\":\"https:\\\/\\\/www.kristinvardi.eu\\\/#website\",\"url\":\"https:\\\/\\\/www.kristinvardi.eu\\\/\",\"name\":\"Kristin Vardi\",\"description\":\"\",\"potentialAction\":[{\"@type\":\"SearchAction\",\"target\":{\"@type\":\"EntryPoint\",\"urlTemplate\":\"https:\\\/\\\/www.kristinvardi.eu\\\/?s={search_term_string}\"},\"query-input\":{\"@type\":\"PropertyValueSpecification\",\"valueRequired\":true,\"valueName\":\"search_term_string\"}}],\"inLanguage\":\"de\"}]}<\/script>\n<!-- \/ Yoast SEO plugin. -->","yoast_head_json":{"title":"Zur Person - Kristin Vardi","description":"Kristin Vardi wurde in Riesa\/Sachsen geboren und studierte in Leipzig, Berlin und Tel Aviv. Nach dem Abschluss des Studiums (MA) der Geschichtswissenschaft und einem Volontariat bei der Freien Presse in Chemnitz lebt und arbeitet sie heute in Wien. Sie ist Gewinnerin \u201eBester Stil und Beste Prosa\u201c f\u00fcr ihre Kurzgeschichte Rock Button Motel im Deutschen Schriftstellerforum (DSFO). Ver\u00f6ffentlichungen von ihr liegen unter anderem in der Literaturzeitschrift Edit vor (Null Zeichen \u2013 Ein ungef\u00e4hrer Wert). 2023 erh\u00e4lt sie ein Arbeitsstipendium vom \u00d6sterreichischen Bundesministerium f\u00fcr Kultur f\u00fcr ihren Roman Bestseller.","robots":{"index":"index","follow":"follow","max-snippet":"max-snippet:-1","max-image-preview":"max-image-preview:large","max-video-preview":"max-video-preview:-1"},"canonical":"https:\/\/www.kristinvardi.eu\/","og_locale":"de_DE","og_type":"article","og_title":"Zur Person - Kristin Vardi","og_description":"Kristin Vardi wurde in Riesa\/Sachsen geboren und studierte in Leipzig, Berlin und Tel Aviv. Nach dem Abschluss des Studiums (MA) der Geschichtswissenschaft und einem Volontariat bei der Freien Presse in Chemnitz lebt und arbeitet sie heute in Wien. Sie ist Gewinnerin \u201eBester Stil und Beste Prosa\u201c f\u00fcr ihre Kurzgeschichte Rock Button Motel im Deutschen Schriftstellerforum (DSFO). Ver\u00f6ffentlichungen von ihr liegen unter anderem in der Literaturzeitschrift Edit vor (Null Zeichen \u2013 Ein ungef\u00e4hrer Wert). 2023 erh\u00e4lt sie ein Arbeitsstipendium vom \u00d6sterreichischen Bundesministerium f\u00fcr Kultur f\u00fcr ihren Roman Bestseller.","og_url":"https:\/\/www.kristinvardi.eu\/","og_site_name":"Kristin Vardi","article_modified_time":"2025-10-01T19:21:10+00:00","twitter_card":"summary_large_image","twitter_misc":{"Gesch\u00e4tzte Lesezeit":"1\u00a0Minute"},"schema":{"@context":"https:\/\/schema.org","@graph":[{"@type":"WebPage","@id":"https:\/\/www.kristinvardi.eu\/","url":"https:\/\/www.kristinvardi.eu\/","name":"Zur Person - Kristin Vardi","isPartOf":{"@id":"https:\/\/www.kristinvardi.eu\/#website"},"datePublished":"2023-06-19T19:30:33+00:00","dateModified":"2025-10-01T19:21:10+00:00","description":"Kristin Vardi wurde in Riesa\/Sachsen geboren und studierte in Leipzig, Berlin und Tel Aviv. Nach dem Abschluss des Studiums (MA) der Geschichtswissenschaft und einem Volontariat bei der Freien Presse in Chemnitz lebt und arbeitet sie heute in Wien. Sie ist Gewinnerin \u201eBester Stil und Beste Prosa\u201c f\u00fcr ihre Kurzgeschichte Rock Button Motel im Deutschen Schriftstellerforum (DSFO). Ver\u00f6ffentlichungen von ihr liegen unter anderem in der Literaturzeitschrift Edit vor (Null Zeichen \u2013 Ein ungef\u00e4hrer Wert). 2023 erh\u00e4lt sie ein Arbeitsstipendium vom \u00d6sterreichischen Bundesministerium f\u00fcr Kultur f\u00fcr ihren Roman Bestseller.","breadcrumb":{"@id":"https:\/\/www.kristinvardi.eu\/#breadcrumb"},"inLanguage":"de","potentialAction":[{"@type":"ReadAction","target":["https:\/\/www.kristinvardi.eu\/"]}]},{"@type":"BreadcrumbList","@id":"https:\/\/www.kristinvardi.eu\/#breadcrumb","itemListElement":[{"@type":"ListItem","position":1,"name":"Home","item":"https:\/\/www.kristinvardi.eu\/"},{"@type":"ListItem","position":2,"name":"Zur Person"}]},{"@type":"WebSite","@id":"https:\/\/www.kristinvardi.eu\/#website","url":"https:\/\/www.kristinvardi.eu\/","name":"Kristin Vardi","description":"","potentialAction":[{"@type":"SearchAction","target":{"@type":"EntryPoint","urlTemplate":"https:\/\/www.kristinvardi.eu\/?s={search_term_string}"},"query-input":{"@type":"PropertyValueSpecification","valueRequired":true,"valueName":"search_term_string"}}],"inLanguage":"de"}]}},"_links":{"self":[{"href":"https:\/\/www.kristinvardi.eu\/index.php\/wp-json\/wp\/v2\/pages\/8","targetHints":{"allow":["GET"]}}],"collection":[{"href":"https:\/\/www.kristinvardi.eu\/index.php\/wp-json\/wp\/v2\/pages"}],"about":[{"href":"https:\/\/www.kristinvardi.eu\/index.php\/wp-json\/wp\/v2\/types\/page"}],"author":[{"embeddable":true,"href":"https:\/\/www.kristinvardi.eu\/index.php\/wp-json\/wp\/v2\/users\/1"}],"replies":[{"embeddable":true,"href":"https:\/\/www.kristinvardi.eu\/index.php\/wp-json\/wp\/v2\/comments?post=8"}],"version-history":[{"count":24,"href":"https:\/\/www.kristinvardi.eu\/index.php\/wp-json\/wp\/v2\/pages\/8\/revisions"}],"predecessor-version":[{"id":192,"href":"https:\/\/www.kristinvardi.eu\/index.php\/wp-json\/wp\/v2\/pages\/8\/revisions\/192"}],"wp:attachment":[{"href":"https:\/\/www.kristinvardi.eu\/index.php\/wp-json\/wp\/v2\/media?parent=8"}],"curies":[{"name":"wp","href":"https:\/\/api.w.org\/{rel}","templated":true}]}}